{"id":1289,"date":"2024-11-26T23:42:41","date_gmt":"2024-11-26T23:42:41","guid":{"rendered":"https:\/\/www.xn--plantetfr-t8a.dk\/?page_id=1289"},"modified":"2026-03-26T11:55:46","modified_gmt":"2026-03-26T11:55:46","slug":"friskole","status":"publish","type":"page","link":"https:\/\/www.plantetfro.dk\/en\/friskole\/","title":{"rendered":"Friskole"},"content":{"rendered":"<h4>\n\t\tEducation\n\t<\/h4>\n\t\t\t\t<img decoding=\"async\" src=\"https:\/\/www.xn--plantetfr-t8a.dk\/wp-content\/uploads\/2022\/09\/16-DSC00349-1024x761.jpg\" alt=\"16-DSC00349\" itemprop=\"image\" title=\"16-DSC00349\" onerror=\"this.style.display='none'\"  \/>\n\t\t\t\t<img decoding=\"async\" src=\"https:\/\/www.plantetfro.dk\/wp-content\/plugins\/bb-plugin\/img\/pixel.png\" alt=\"\" itemprop=\"image\" onerror=\"this.style.display='none'\"  \/>\n<h2>\n\t\tLejres gr\u00f8nne friskole &#8211; et fyrt\u00e5rn for fremtiden\n\t<\/h2>\n\t<p><strong>Med den gr\u00f8nne friskole vil vi skabe en skole i Lejre, hvor der er tid til fordybelse, hvor trivsel er et grundvilk\u00e5r, og hvor b\u00f8rn og voksne l\u00e6rer at bruge b\u00e5de deres h\u00e6nder og hoveder til at leve b\u00e6redygtigt i vores verden. Vi vil skabe en skole for b\u00f8rn, der passer p\u00e5 sig selv og bidrager til f\u00e6llesskabet, som er \u00e5ben for alle og giver plads til samv\u00e6r, l\u00e6ring og oplevelser uden at give afkald p\u00e5 klassisk boglige faglighed.<\/strong><\/p>\n\t<strong>Baggrund<br \/>\n<\/strong>De kommende generationer st\u00e5r foran komplekse udfordringer med klima- og biodiversitetskriser, der allerede nu p\u00e5virker os alle. Hvis de skal l\u00f8ses, kr\u00e6ver det, at vi sammen og hver for sig lever b\u00e6redygtigt og i balance med jorden og hinanden. Det kr\u00e6ver, at vi introducerer en undervisningsform, der fra starten af livet l\u00e6rer os at v\u00e6re i verden p\u00e5 en ny m\u00e5de.\n<strong>B\u00e6redygtighed, virkelyst og fagligt fokus<br \/>\n<\/strong>Lejre er pr\u00e6get af mennesker med stor virkelyst. Vi er et p\u00e5 alle m\u00e5der ressourcest\u00e6rkt f\u00e6llesskab af mennesker, der har prioriteret at skabe en hverdag sammen og t\u00e6t p\u00e5 naturen. Vi bor i Nationalpark Skjoldungernes Land, hvor de midtsj\u00e6llandske skove, mor\u00e6nelandskabet, agerbrugsjorden og de vilde engomr\u00e5der danner et smukt bagt\u00e6ppe og dagligt minder os om, hvad vi er rundet af, og hvad vi skal bevare.\n<p>Derfor har vi taget initiativ til at skabe en gr\u00f8n friskole i Lejre by. En et-sporet skole for 0.-9. klasse, hvor omdrejningspunktet er undervisning i naturens kredsl\u00f8b, hvor mennesket indg\u00e5r p\u00e5 en b\u00e6redygtig m\u00e5de. En skole hvor h\u00e5ndens arbejde bliver anset som ligev\u00e6rdigt i forhold til klassisk boglig faglighed. Hvor trivsel som individ og gruppe er et grundvilk\u00e5r for skolens virke og bliver ud\u00f8vet gennem n\u00e6rv\u00e6rstr\u00e6ning, udeskole, h\u00e5ndv\u00e6rk og k\u00f8kkenhaver.<\/p>\n<p>Vi vil bygge en skole, hvor konstruktion, materialer, energiforsyning, skolehaver, beplantning og omgivelser er det naturlige indhold i s\u00e5vel naturfaglige som samfundsfaglige undervisningsforl\u00f8b, s\u00e5 skolen i sig selv bliver til undervisningsforl\u00f8bet. Vi vil i samarbejde med forskere vise, at dette er muligt uden at g\u00e5 p\u00e5 kompromis med det faglige niveau, og at der ikke er en mods\u00e6tning mellem b\u00e6redygtighed og det at skabe i verden.<\/p>\n<h2>\n\t\tErfaring med gr\u00f8n undervisning\n\t<\/h2>\n\t<p>P\u00e5 Vibevadgaard har vi siden 2011 samarbejdet med lokale folkeskoler om at undervise skoleklasser under konceptet Plant et Fr\u00f8 (link til: www.plantetfro.dk). Et koncept, der sender glade b\u00f8rn ud i livet med virkelyst og ny forst\u00e5else af f\u00e6llesskab, omsorg for verden og gl\u00e6de ved at dyrke afgr\u00f8der. B\u00f8rnene opn\u00e5r gennem Plant et Fr\u00f8 en dyb kontakt til naturen, der kl\u00e6der dem p\u00e5 til at tr\u00e6ffe valg om at passe p\u00e5 jorden ved at leve mere b\u00e6redygtigt. Denne l\u00e6ring vil vi gerne udforske.<\/p>\n<p>Arbejdet med Plant et Fr\u00f8 har vist os, at undervisning kan v\u00e6re noget mere end det, vi kender fra folkeskolerne i dag. Men det har ogs\u00e5 vist, at det grundl\u00e6ggende kr\u00e6ver andre principper for undervisningsformen, hvis det skal fungere p\u00e5 alle klassetrin. Der skal en markant forandring til, hvis en s\u00e5dan skole skal blive til virkelighed. Vi m\u00e5 fra f\u00f8rste skoledag skabe et helt andet grundlag og lade en ny filosofi gennemsyre hele skolens virke, og det kan vi med en gr\u00f8n friskole i Lejre.<\/p>\n<p>Den gr\u00f8nne friskole skal v\u00e6re et f\u00e6lles fyrt\u00e5rn, hvor alle er velkomne. Her skal andre skoler, forskere og l\u00e6rerstuderende inviteres til at komme og unders\u00f8ge og lade sig inspirere til deres egen hverdag. Friskolen vil i samarbejde med forskere unders\u00f8ge, hvad effekterne af en undervisningsform baseret p\u00e5 naturdannelse, trivsel og faglighed er, for p\u00e5 den m\u00e5de at skabe det n\u00f8dvendige grundlag for politikere. Dette er f\u00f8rste skridt til at \u00e6ndre m\u00e5den, vi underviser p\u00e5 generelt. Skolen skal med andre ord v\u00e6re et sted, der i h\u00f8j grad r\u00e6kker ud til andre skoler og hele undervisningsmilj\u00f8et samt dem, der arbejder med en ny, mere b\u00e6redygtig vej for vores eksistens.<\/p>\n<h2>\n\t\tEt fristed i Lejre by\n\t<\/h2>\n\t<p><strong>Den gr\u00f8nne friskole skal v\u00e6re en naturlig og integreret del af byen, og vi \u00f8nsker et st\u00e6rkt samarbejde med Allerslev Skole s\u00e5vel som andre lokale skoler og institutioner. Skolen skal, ud over at v\u00e6re skole, ogs\u00e5 v\u00e6re et \u00e5bent rekreativt omr\u00e5de som byens b\u00f8rnefamilier og andre borgere kan bruge til legeplads, ophold og samv\u00e6r. Desuden er det vores intention, at byens foreningsliv kan bruge skolens faciliteter f.eks. multisal, k\u00f8kken og k\u00f8kkenhaver. P\u00e5 samme m\u00e5de kan skolen danne ramme om lokale arrangementer s\u00e5som koncerter, foredrag og workshops<\/strong>.<\/p>\n\t\t\t\t<img decoding=\"async\" src=\"https:\/\/www.xn--plantetfr-t8a.dk\/wp-content\/uploads\/2024\/12\/claus-krogh.png\" alt=\"claus-krogh\" itemprop=\"image\" title=\"claus-krogh\" onerror=\"this.style.display='none'\"  \/>\n<h4>\n\t\tClaus Krogh\n\t<\/h4>\n\t<em>Primary and lower secondary school teacher and outdoor instructor.<br \/>\n<\/em>\n\t<p>Claus er uddannet folkeskolel\u00e6rer og har arbejdet p\u00e5 en folkeskole i R\u00f8dovre siden 2008. Desuden har han en 2-\u00e5rig friluftsvejlederuddannelse fra Norge. En uddannelse, som har skabt mulighed for at arbejde som hundesl\u00e6dekusk p\u00e5 Svalbard, friluftsvejleder for Frederiksberg l\u00e6rerseminarium gennem 18 \u00e5r, samt friluftsvejleder for Steinerskolen i Kvistg\u00e5rd p\u00e5 deres kanoture til Nordsverige.<\/p>\n<p>Claus var initiativtager til et friskoleprojekt p\u00e5 den gamle skole i Lejre i 2017, hvor bygningerne blev solgt til anden side. I for\u00e5ret 2023 fik han kontakt til Henrik Byrial. Claus og Henriks v\u00e6rdis\u00e6t, p\u00e6dagogiske syn og mission gik op i en h\u00f8jere enhed og arbejdet med dette projekt begyndte.<\/p>\n<p>Claus er optaget af krydsfeltet mellem p\u00e6dagogik, dannelse og den sv\u00e6re opgave at oplyse b\u00f8rn og unge om de klimam\u00e6ssige udfordringer vi som globalt samfund st\u00e5r i, p\u00e5 en m\u00e5de som skaber troen p\u00e5 og viljen til, at det kan l\u00f8ses. Det er med afs\u00e6t i disse tanker grundideen til friskolen er blevet til.<\/p>\n\t\t\t\t<img loading=\"lazy\" decoding=\"async\" src=\"https:\/\/www.plantetfro.dk\/wp-content\/uploads\/2024\/12\/johanne-Studnitz-Joergensen.png\" alt=\"johanne-Studnitz-J\u00f8rgensen\" itemprop=\"image\" height=\"720\" width=\"502\" title=\"johanne-Studnitz-J\u00f8rgensen\" onerror=\"this.style.display='none'\"  \/>\n<h4>\n\t\tJohanne Studnitz J\u00f8rgensen\n\t<\/h4>\n\t<em>Bachelor i antropologi, kandidat i p\u00e6dagogisk psykologi og b\u00f8rneyogal\u00e6rer<br \/>\n<\/em>\n\t<p>Johanne arbejder til dagligt som p\u00e6dagog i en b\u00f8rnehave og har tidligere arbejdet i en psykologklinik for b\u00f8rn og unge med angst. Hun har bred viden om, hvordan man forebygger mobning og fremmer trivsel, og har blandt andet v\u00e6ret frivillig p\u00e5 b\u00f8rnetelefonen og i projektet Vilde R\u00f8dder.<\/p>\n<p>Johanne har altid interesseret sig for b\u00f8rns trivsel, og det er ogs\u00e5 denne interesse, kombineret med en dyb bekymring over de rammer, samfundet tilbyder vores b\u00f8rn i dag, der driver hendes engagement i den gr\u00f8nne friskole.<\/p>\n<p>Johanne er mor til to b\u00f8rn, der forh\u00e5bentlig skal g\u00e5 p\u00e5 friskolen.<\/p>\n\t\t\t\t<img decoding=\"async\" src=\"https:\/\/www.xn--plantetfr-t8a.dk\/wp-content\/uploads\/2024\/12\/henrik-byreal.png\" alt=\"henrik-byreal\" itemprop=\"image\" title=\"henrik-byreal\" onerror=\"this.style.display='none'\"  \/>\n<h4>\n\t\tHenrik Byrial\n\t<\/h4>\n\t<p><em>\u00d8kologisk landmand og Forsker (PhD) i plantefysiologi<\/em><\/p>\n\t<p>Henrik er \u00f8kologisk landmand og Forsker (PhD) i plantefysiologi. Han har udviklet en r\u00e6kke patenterede naturmedicin-pr\u00e6parater og har gennemf\u00f8rt kliniske fors\u00f8g med f\u00f8rende l\u00e6ger i Danmark for at dokumentere deres effekt p\u00e5 human sundhed. Udviklingen foreg\u00e5r i det laboratorium hos Vibe \u00d8kologi, hvor ogs\u00e5 eleverne undervises i metoder og kreativitet inden for naturvidenskaben.<\/p>\n<p>Henrik driver 45 Ha jord med b\u00e6r, frugt og urter samt selve g\u00e5rden. Gennem 11 \u00e5r har han v\u00e6ret restaurant NOMAs hovedleverand\u00f8r af bl.a. frugt, b\u00e6r og urter. Derudover produceres juice og pulver til helsemarkedet. Henrik har i mange \u00e5r arbejdet med klimarelaterede sp\u00f8rgsm\u00e5l og arbejdede sammen med bla. Ditlev Engell fra Vestas om muligheden for at starte et klimaeksperimentarium for skoleelever.<\/p>\n\t\t\t\t<img decoding=\"async\" src=\"https:\/\/www.xn--plantetfr-t8a.dk\/wp-content\/uploads\/2024\/12\/andy-sontag.png\" alt=\"andy-sontag\" itemprop=\"image\" title=\"andy-sontag\" onerror=\"this.style.display='none'\"  \/>\n<h4>\n\t\tAndy Sontag\n\t<\/h4>\n\t<em>Kaospilot og Learning Experience Designer<br \/>\n<\/em>\n\t<p>Andy er Learning Experience Designer og programdirekt\u00f8r for Kaospilot oplevelsesdesign. Andy arbejder for kunder som adidas, Oxfam, LEGO og mange flere globalt. Connect p\u00e5 LinkedIn her. Andy bor sammen med sin familie i bof\u00e6llesskabet Krake i Lejre by.<\/p>\n\t\t\t\t<img loading=\"lazy\" decoding=\"async\" src=\"https:\/\/www.plantetfro.dk\/wp-content\/uploads\/2026\/03\/Diana.png\" alt=\"Diana\" itemprop=\"image\" height=\"1536\" width=\"1024\" title=\"Diana\" onerror=\"this.style.display='none'\"  \/>\n<h4>\n\t\tDiana Kl\u00f8vedal\n\t<\/h4>\n\t<em>Psychologist, specialist in children and young people<br \/>\n<\/em>\n\t<p>Diana Kl\u00f8vedal er psykolog med solid erfaring inden for b\u00f8rn, unge og familier &#8211; med fokus p\u00e5 trivsel, l\u00e6ring og deltagelsesmuligheder.<\/p>\n<p>Hun arbejder som privat skolepsykolog og er samtidig tilknyttet d\u00f8gn- og behandlingstilbud, hvor hun bidrager til trygge og b\u00e6redygtige rammer for b\u00f8rn og unge i udsatte positioner.<\/p>\n<p>Diana har en faglig baggrund fra K\u00f8benhavns Universitet og har b.la bidraget til udvikling af forskning og behandlingsindsatser inden for angst hos b\u00f8rn.<\/p>\n<p>Hun har ogs\u00e5 erfaring med udvikling og etablering af socialt fondsfinansierede projekter og derfor et indg\u00e5ende kendskab til samarbejde med fonde, ans\u00f8gningsprocesser og strategisk udvikling af indsatser.<\/p>\n<p>Diana har desuden v\u00e6ret med til at udvikle regionale skoleindsatser for s\u00e5rbare b\u00f8rn og unge og arbejder m\u00e5lrettet med at skabe veje ind i f\u00e6llesskaber for b\u00f8rn, der ellers risikerer at falde ud. Hun er optaget af at oms\u00e6tte psykologisk viden til praksis og har et s\u00e6rligt blik for, hvordan naturen kan underst\u00f8tte regulering, trivsel og udvikling.<\/p>\n<p>I Plant et Fr\u00f8 bidrager hun med psykologfaglig indsigt og erfaring med fondsudvikling i arbejdet med at skabe b\u00e6redygtige l\u00e6rings- og f\u00e6llesskabsformer for b\u00f8rn og unge.<\/p>\n<h2>\n\t\tPr\u00e6sentation af id\u00e9, ramme og realisering\n\t<\/h2>\n\t<strong>En friskole med r\u00f8dder i jorden<br \/>\n<\/strong>De kommende generationer st\u00e5r foran flere komplekse udfordringer. Mange skoleb\u00f8rn mistrives og k\u00e6mper med stress, angst og en f\u00f8lelse af ikke at h\u00f8re til. Samtidig kalder klima- og biodiversitetskriserne p\u00e5, at vi oplever os selv og samfundet som dele af et stort, sammenh\u00e6ngende \u00f8kosystem.\n<strong>Skolens p\u00e6dagogiske og v\u00e6rdim\u00e6ssige kompas<\/strong><br \/>\nFriskolen dannes omkring et v\u00e6rdikompas, som indeb\u00e6rer tre kernebegreber, der vil guide den p\u00e6dagogiske og faglige hverdag p\u00e5 friskolen: Naturdannelse, omsorgsgl\u00e6de og virkelyst.\n\t<p>For at l\u00e6se mere, tryk p\u00e5 billedet nedenunder.<\/p>\n\t<div class=\"_df_thumb\" id=\"df_1368\"  _slug=\"1368\" data-title=\"den-groenne-friskole-i-lejre\" wpoptions=\"true\" thumb=\"https:\/\/www.plantetfro.dk\/wp-content\/uploads\/2024\/11\/Den-gronne-friskole-i-Leire.png\" thumbtype=\"\" >Den Gr\u00f8nne Friskole i Lejre<\/div><script class=\"df-shortcode-script\" nowprocket type=\"application\/javascript\">window.option_df_1368 = {\"outline\":[],\"autoEnableOutline\":\"false\",\"autoEnableThumbnail\":\"false\",\"overwritePDFOutline\":\"false\",\"direction\":\"1\",\"pageSize\":\"0\",\"source\":\"https:\\\/\\\/www.plantetfro.dk\\\/wp-content\\\/uploads\\\/2025\\\/01\\\/Den-Groenne-Friskole_jan25_-Introskriv.pdf\",\"wpOptions\":\"true\"}; if(window.DFLIP && window.DFLIP.parseBooks){window.DFLIP.parseBooks();}<\/script> &nbsp;&nbsp;&nbsp;&nbsp;\n\t\t\t\t<img decoding=\"async\" src=\"https:\/\/www.xn--plantetfr-t8a.dk\/wp-content\/uploads\/2024\/11\/KOMPAS.png\" alt=\"KOMPAS\" itemprop=\"image\" title=\"KOMPAS\" onerror=\"this.style.display='none'\"  \/>\n\t<h3>Vil du vide mere?<\/h3>\n<p>Er du interesseret i at blive kontaktet, n\u00e5r det bliver muligt at skrive dit barn op til friskolen? Eller vil du gerne opdateres n\u00e5r der er nyt om projektet? S\u00e5 udfyld nedenst\u00e5ende formular, og s\u00e5 vil vi kontakte dig n\u00e5r der er relevant nyt om skolen.<\/p>\n\t<div class='fluentform ff-inherit-theme-style fluentform_wrapper_3'><form data-form_id=\"3\" id=\"fluentform_3\" class=\"frm-fluent-form fluent_form_3 ff-el-form-top ff_form_instance_3_1 ff-form-loading ff_has_v3_recptcha ffs_inherit_theme\" data-form_instance=\"ff_form_instance_3_1\" method=\"POST\" data-recptcha_key=\"6Lc-rv8qAAAAAHgZsSC8RxZACUH41lQ__ForAYeW\" action=\"\" ><fieldset  style=\"border: none!important;margin: 0!important;padding: 0!important;background-color: transparent!important;box-shadow: none!important;outline: none!important; min-inline-size: 100%;\">\n                    <legend class=\"ff_screen_reader_title\" style=\"display: block; margin: 0!important;padding: 0!important;height: 0!important;text-indent: -999999px;width: 0!important;overflow:hidden;\">Contact Form Demo (#3)<\/legend>        <div class=\"ff-el-group ff-hpsf-container\">\n            <div class=\"ff-el-input--label asterisk-right\">\n                <label for=\"ff_3_item_sf\" aria-label=\"Newsletter\">\n                    Newsletter                <\/label>\n            <\/div>\n            <div class=\"ff-el-input--content\">\n                <input type=\"text\"\n                       name=\"item_3__fluent_sf\"\n                       class=\"ff-el-form-control\"\n                       id=\"ff_3_item_sf\"\n                \/>\n            <\/div>\n        <\/div>\n                <input type=\"hidden\" id=\"__fluent_protection_token_3\" class=\"fluent-form-token-field\" name=\"__fluent_protection_token_3\">\n        <input type='hidden' name='__fluent_form_embded_post_id' value='1289' \/><input type=\"hidden\" id=\"_fluentform_3_fluentformnonce\" name=\"_fluentform_3_fluentformnonce\" value=\"a17ca2e3fb\" \/><input type=\"hidden\" name=\"_wp_http_referer\" value=\"\/en\/wp-json\/wp\/v2\/pages\/1289\" \/><div data-type=\"name-element\" data-name=\"names\" class=\"ff-field_container ff-name-field-wrapper wiformname\" ><div class='ff-t-container'><div class='ff-t-cell'><div class='ff-el-group'><div class=\"ff-el-input--label ff-el-is-required asterisk-right\"><label for='ff_3_names_first_name_' >Navn<\/label><\/div><div class='ff-el-input--content'><input type=\"text\" name=\"names[first_name]\" id=\"ff_3_names_first_name_\" class=\"ff-el-form-control\" placeholder=\"Navn\" tabindex=\"1\" aria-invalid=\"false\" aria-required=\"true\"><\/div><\/div><\/div><\/div><\/div><div class='ff-el-group wiformemail'><div class=\"ff-el-input--label ff-el-is-required asterisk-right\"><label for='ff_3_email' aria-label=\"Email\">Email<\/label><\/div><div class='ff-el-input--content'><input type=\"email\" name=\"email\" id=\"ff_3_email\" class=\"ff-el-form-control\" placeholder=\"Email addresse\" data-name=\"email\" tabindex=\"2\"  aria-invalid=\"false\" aria-required=\"true\"><\/div><\/div><div class='ff-el-group wiformphone'><div class=\"ff-el-input--label asterisk-right\"><label for='ff_3_subject' aria-label=\"Telefonnummer\">Telefonnummer<\/label><\/div><div class='ff-el-input--content'><input type=\"text\" name=\"subject\" class=\"ff-el-form-control\" placeholder=\"Telefonnummer\" data-name=\"subject\" tabindex=\"3\" id=\"ff_3_subject\"  aria-invalid=\"false\" aria-required=\"false\"><\/div><\/div><div class='ff-el-group'><div class=\"ff-el-input--label ff-el-is-required asterisk-right\"><label for='ff_3_message' aria-label=\"Din besked\">Din besked<\/label><\/div><div class='ff-el-input--content'><textarea aria-invalid=\"false\" aria-required=\"true\" name=\"message\" id=\"ff_3_message\" class=\"ff-el-form-control\" placeholder=\"Din besked\" rows=\"4\" cols=\"2\" data-name=\"message\" tabindex=\"4\" ><\/textarea><\/div><\/div><div class='ff-el-group ff-text-left ff_submit_btn_wrapper'><button type=\"submit\" class=\"ff-btn ff-btn-submit ff-btn-md wisendknap ff_btn_no_style\" tabindex=\"5\" >Send<\/button><\/div><\/fieldset><input type=\"hidden\" name=\"trp-form-language\" value=\"en\"\/><\/form><div id='fluentform_3_errors' class='ff-errors-in-stack ff_form_instance_3_1 ff-form-loading_errors ff_form_instance_3_1_errors'><\/div><\/div>        <script type=\"text\/javascript\">\n            window.fluent_form_ff_form_instance_3_1 = {\"id\":\"3\",\"settings\":{\"layout\":{\"labelPlacement\":\"top\",\"asteriskPlacement\":\"asterisk-right\",\"helpMessagePlacement\":\"with_label\",\"errorMessagePlacement\":\"inline\",\"cssClassName\":\"\"},\"restrictions\":{\"denyEmptySubmission\":{\"enabled\":false}}},\"form_instance\":\"ff_form_instance_3_1\",\"form_id_selector\":\"fluentform_3\",\"rules\":{\"names[first_name]\":{\"required\":{\"value\":true,\"message\":\"This field is required\",\"global\":true,\"global_message\":\"This field is required\"}},\"names[middle_name]\":{\"required\":{\"value\":false,\"message\":\"This field is required\",\"global\":true,\"global_message\":\"This field is required\"}},\"names[last_name]\":{\"required\":{\"value\":false,\"message\":\"This field is required\",\"global\":true,\"global_message\":\"This field is required\"}},\"email\":{\"required\":{\"value\":true,\"message\":\"Dette felt er p\\u00e5kr\\u00e6vet\",\"global\":false,\"global_message\":\"This field is required\"},\"email\":{\"value\":true,\"message\":\"Indtast en email adresse med gyldigt format\",\"global\":false,\"global_message\":\"This field must contain a valid email\"}},\"subject\":{\"required\":{\"value\":false,\"message\":\"This field is required\",\"global\":true,\"global_message\":\"This field is required\"}},\"message\":{\"required\":{\"value\":true,\"message\":\"This field is required\",\"global\":true,\"global_message\":\"This field is required\"}}},\"debounce_time\":300};\n                    <\/script>","protected":false},"excerpt":{"rendered":"<p>Undervisning Lejres gr\u00f8nne friskole &#8211; et fyrt\u00e5rn for fremtiden Med den gr\u00f8nne friskole vil vi skabe en skole i Lejre, hvor der er tid til fordybelse, hvor trivsel er et grundvilk\u00e5r, og hvor b\u00f8rn og voksne l\u00e6rer at bruge b\u00e5de deres h\u00e6nder og hoveder til at leve b\u00e6redygtigt i vores verden. Vi vil skabe en&hellip;<\/p>","protected":false},"author":2,"featured_media":0,"parent":0,"menu_order":0,"comment_status":"closed","ping_status":"closed","template":"","meta":{"footnotes":""},"class_list":["post-1289","page","type-page","status-publish","hentry"],"_links":{"self":[{"href":"https:\/\/www.plantetfro.dk\/en\/wp-json\/wp\/v2\/pages\/1289","targetHints":{"allow":["GET"]}}],"collection":[{"href":"https:\/\/www.plantetfro.dk\/en\/wp-json\/wp\/v2\/pages"}],"about":[{"href":"https:\/\/www.plantetfro.dk\/en\/wp-json\/wp\/v2\/types\/page"}],"author":[{"embeddable":true,"href":"https:\/\/www.plantetfro.dk\/en\/wp-json\/wp\/v2\/users\/2"}],"replies":[{"embeddable":true,"href":"https:\/\/www.plantetfro.dk\/en\/wp-json\/wp\/v2\/comments?post=1289"}],"version-history":[{"count":50,"href":"https:\/\/www.plantetfro.dk\/en\/wp-json\/wp\/v2\/pages\/1289\/revisions"}],"predecessor-version":[{"id":1504,"href":"https:\/\/www.plantetfro.dk\/en\/wp-json\/wp\/v2\/pages\/1289\/revisions\/1504"}],"wp:attachment":[{"href":"https:\/\/www.plantetfro.dk\/en\/wp-json\/wp\/v2\/media?parent=1289"}],"curies":[{"name":"wp","href":"https:\/\/api.w.org\/{rel}","templated":true}]}}