{"id":13,"date":"2021-10-01T09:39:20","date_gmt":"2021-10-01T09:39:20","guid":{"rendered":"https:\/\/www.xn--plantetfr-t8a.dk\/?page_id=13"},"modified":"2025-06-10T17:19:28","modified_gmt":"2025-06-10T17:19:28","slug":"forside","status":"publish","type":"page","link":"https:\/\/www.plantetfro.dk\/en\/","title":{"rendered":"Forside"},"content":{"rendered":"<h1>The Plant a Seed teaching course combines practical skills with self awareness and connection to nature<\/h1>\r\n<p><a href=\"https:\/\/www.xn--plantetfr-t8a.dk\/undervisning#spor\" target=\"_self\" rel=\"noopener\"> <img decoding=\"async\" title=\"PeF CTA PhotoSeeds1\" src=\"http:\/\/www.xn--plantetfr-t8a.dk\/wp-content\/uploads\/2021\/12\/PeF-CTA-PhotoSeeds1.png\" alt=\"PeF CTA PhotoSeeds1\" \/> <\/a><\/p>\r\n<h4><a title=\"About the teachings\" href=\"https:\/\/www.xn--plantetfr-t8a.dk\/undervisning\" target=\"_self\" rel=\"noopener\"> About the teachings <\/a><\/h4>\r\n<p><a href=\"https:\/\/www.xn--plantetfr-t8a.dk\/undervisning#spor\">In our teaching we work with our inner nature out in nature<\/a><\/p>\r\n<p><a href=\"https:\/\/www.xn--plantetfr-t8a.dk\/undervisning#spor\" target=\"_self\" rel=\"noopener\"> <img decoding=\"async\" title=\"PeF CTA PhotoSeeds2\" src=\"http:\/\/www.xn--plantetfr-t8a.dk\/wp-content\/uploads\/2021\/12\/PeF-CTA-PhotoSeeds2.png\" alt=\"PeF CTA PhotoSeeds2\" \/> <\/a><\/p>\r\n<h4><a title=\"About future developments\" href=\"https:\/\/www.xn--plantetfr-t8a.dk\/udvikling\" target=\"_self\" rel=\"noopener\"> About future developments <\/a><\/h4>\r\n<p><a href=\"https:\/\/www.xn--plantetfr-t8a.dk\/udvikling#spor\">We want to develop and share our teaching process<\/a><\/p>\r\n<p><a href=\"https:\/\/www.xn--plantetfr-t8a.dk\/undervisning#spor\" target=\"_self\" rel=\"noopener\"> <img decoding=\"async\" title=\"PeF CTA PhotoSeeds3\" src=\"http:\/\/www.xn--plantetfr-t8a.dk\/wp-content\/uploads\/2021\/12\/PeF-CTA-PhotoSeeds3.png\" alt=\"PeF CTA PhotoSeeds3\" \/> <\/a><\/p>\r\n<h4><a title=\"About the association\" href=\"https:\/\/www.xn--plantetfr-t8a.dk\/foreningen\" target=\"_self\" rel=\"noopener\"> About the association <\/a><\/h4>\r\n<p>Planting new seeds for people and the planet<a href=\"https:\/\/www.xn--plantetfr-t8a.dk\/undervisning#spor\">.<\/a><\/p>\r\n<p><a href=\"https:\/\/www.xn--plantetfr-t8a.dk\/podcast-om-plant-et-froe\/\" target=\"_self\" rel=\"noopener\"> <img loading=\"lazy\" decoding=\"async\" title=\"Sk\u00e5rh\u00f8j Christian Credit (11)\" src=\"https:\/\/www.xn--plantetfr-t8a.dk\/wp-content\/uploads\/bb-plugin\/cache\/Kredit-Kristian-Skaarhoej-11-1024x650-landscape.jpg\" alt=\"Kredit Kristian Sk\u00e5rh\u00f8j (11)\" width=\"1024\" height=\"650\" data-no-lazy=\"1\" \/> <\/a><\/p>\r\n<h4><a title=\"Podcast about Plant a Seed\" href=\"https:\/\/www.xn--plantetfr-t8a.dk\/podcast-om-plant-et-froe\/\"> Podcast about Plant a Seed <\/a><\/h4>\r\n<p>Kom med p\u00e5 bes\u00f8g i Plant et Fr\u00f8 en smuk oktoberdag i 2022. L\u00e6rere og elever fort\u00e6ller om deres oplevelser i skoven, haverne, laboratoriet og ved b\u00e5let &#8211; og hvad det betyder for dem deltage&#8230; <a title=\"Podcast about Plant a Seed\" href=\"https:\/\/www.xn--plantetfr-t8a.dk\/podcast-om-plant-et-froe\/\">\u25b6\ufe0e<\/a> <a href=\"https:\/\/www.xn--plantetfr-t8a.dk\/henrik-byrial-nomineret-til-aarets-madsjael\/\" target=\"_self\" rel=\"noopener\"> <img loading=\"lazy\" decoding=\"async\" title=\"Sk\u00e5rh\u00f8j Christian Credit (44)\" src=\"https:\/\/www.xn--plantetfr-t8a.dk\/wp-content\/uploads\/bb-plugin\/cache\/Kredit-Kristian-Skaarhoej-44-1024x684-landscape.jpg\" alt=\"Kredit Kristian Sk\u00e5rh\u00f8j (44)\" width=\"1024\" height=\"684\" data-no-lazy=\"1\" \/> <\/a><\/p>\r\n<h4><a title=\"Henrik Byrial nominated for &#034;Food Soul of the Year&#034;\" href=\"https:\/\/www.xn--plantetfr-t8a.dk\/henrik-byrial-nomineret-til-aarets-madsjael\/\"> Henrik Byrial nominated for &#034;Food Soul of the Year&#034; <\/a><\/h4>\r\n<p>Faderen til Plant et Fr\u00f8, Henrik Byrial, blev nomineret til prisen &#8220;\u00c5rets Madsj\u00e6l&#8221; for hans arbejde med b\u00f8rn og skolehaver. Arla skriver selv om prisen: &#8220;Arla vil gerne hylde dem, der g\u00f8r noget s\u00e6rligt for&#8230; <a title=\"Henrik Byrial nominated for &#034;Food Soul of the Year&#034;\" href=\"https:\/\/www.xn--plantetfr-t8a.dk\/henrik-byrial-nomineret-til-aarets-madsjael\/\">\u25b6\ufe0e<\/a> <a href=\"https:\/\/www.xn--plantetfr-t8a.dk\/braendende-onske-om-at-videreudvikle-plant-et-fro\/\" target=\"_self\" rel=\"noopener\"> <img loading=\"lazy\" decoding=\"async\" title=\"DSC07247\" src=\"https:\/\/www.xn--plantetfr-t8a.dk\/wp-content\/uploads\/bb-plugin\/cache\/DSC07247-1024x682-landscape.jpg\" alt=\"DSC07247\" width=\"1024\" height=\"682\" data-no-lazy=\"1\" \/> <\/a><\/p>\r\n<h4><a title=\"Burning desire to further develop Plant a Seed\" href=\"https:\/\/www.xn--plantetfr-t8a.dk\/braendende-onske-om-at-videreudvikle-plant-et-fro\/\"> Burning desire to further develop Plant a Seed <\/a><\/h4>\r\n<p>Vi arbejder p\u00e5 at rejse midler til et 3-\u00e5rigt evaluerings-, udviklings- og formidlingsprojekt. Det\u00a0overordnede form\u00e5l er at bidrage til en helhedsorienteret naturdannelse for folkeskolens mellemtrin, der h\u00f8jner trivslen, stimulerer den naturvidenskabelige interesse, og underst\u00f8tter barnets&#8230; <a title=\"Burning desire to further develop Plant a Seed\" href=\"https:\/\/www.xn--plantetfr-t8a.dk\/braendende-onske-om-at-videreudvikle-plant-et-fro\/\">\u25b6\ufe0e<\/a> <a href=\"https:\/\/www.xn--plantetfr-t8a.dk\/cykelrundtur-til-vibevadgaard-oem-klostergaard-hegnsholt-og-lavringe-jord\/\" target=\"_self\" rel=\"noopener\"> <img loading=\"lazy\" decoding=\"async\" title=\"DSC02303\" src=\"https:\/\/www.xn--plantetfr-t8a.dk\/wp-content\/uploads\/bb-plugin\/cache\/DSC02303-1024x594-landscape.jpg\" alt=\"DSC02303\" width=\"1024\" height=\"594\" data-no-lazy=\"1\" \/> <\/a><\/p>\r\n<h4><a title=\"Cycle tour to Vibevadg\u00e5rd, \u00d8m Klosterg\u00e5rd, Hegnsholt and Lavringe Jord\" href=\"https:\/\/www.xn--plantetfr-t8a.dk\/cykelrundtur-til-vibevadgaard-oem-klostergaard-hegnsholt-og-lavringe-jord\/\"> Cycle tour to Vibevadg\u00e5rd, \u00d8m Klosterg\u00e5rd, Hegnsholt and Lavringe Jord <\/a><\/h4>\r\n<p>Tag med p\u00e5 en f\u00e6lles, guided familievenlig cykelrundtur (p\u00e5 egen cykel) til fire sp\u00e6ndende steder, alle i n\u00e6rheden af Lejre By, hvor der arbejdes og eksperimenteres med b\u00e6redygtig, klimavenlig f\u00f8devareproduktion, med nye metoder, nye former,&#8230; <a title=\"Cycle tour to Vibevadg\u00e5rd, \u00d8m Klosterg\u00e5rd, Hegnsholt and Lavringe Jord\" href=\"https:\/\/www.xn--plantetfr-t8a.dk\/cykelrundtur-til-vibevadgaard-oem-klostergaard-hegnsholt-og-lavringe-jord\/\">\u25b6\ufe0e<\/a> <a href=\"https:\/\/www.xn--plantetfr-t8a.dk\/aabent-hus-paa-vibevadgaard\/\" target=\"_self\" rel=\"noopener\"> <img loading=\"lazy\" decoding=\"async\" title=\"26-KSA01400\" src=\"https:\/\/www.xn--plantetfr-t8a.dk\/wp-content\/uploads\/bb-plugin\/cache\/26-KSA01400-1024x736-landscape.jpg\" alt=\"26-KSA01400\" width=\"1024\" height=\"736\" data-no-lazy=\"1\" \/> <\/a><\/p>\r\n<h4><a title=\"Open house at Vibevadgaard\" href=\"https:\/\/www.xn--plantetfr-t8a.dk\/aabent-hus-paa-vibevadgaard\/\"> Open house at Vibevadgaard <\/a><\/h4>\r\n<p>Kom og oplev skolehaverne p\u00e5 Vibevadgaard d. 12\/9-22 og h\u00f8r om vores mange, gr\u00f8nne projekter. Tag familien og picnic-kurven under armen og brug en eftermiddag i det gr\u00f8nne. H\u00f8r talks, deltag i naturyoga og stik&#8230; <a title=\"Open house at Vibevadgaard\" href=\"https:\/\/www.xn--plantetfr-t8a.dk\/aabent-hus-paa-vibevadgaard\/\">\u25b6\ufe0e<\/a> <a href=\"https:\/\/www.xn--plantetfr-t8a.dk\/madvaerksted-paa-vej\/\" target=\"_self\" rel=\"noopener\"> <img loading=\"lazy\" decoding=\"async\" title=\"Wonders_Vibevadgaard\" src=\"https:\/\/www.xn--plantetfr-t8a.dk\/wp-content\/uploads\/bb-plugin\/cache\/4-JNA04893-1024x683-landscape.jpg\" alt=\"Underv\u00e6rker_Vibevadgaard\" width=\"1024\" height=\"683\" data-no-lazy=\"1\" \/> <\/a><\/p>\r\n<h4><a title=\"Food workshop on the way\" href=\"https:\/\/www.xn--plantetfr-t8a.dk\/madvaerksted-paa-vej\/\"> Food workshop on the way <\/a><\/h4>\r\n<p>JUBIIIIIII! D. 3. maj 2022 fik vi tilsagn fra Realdanias pulje Underv\u00e6rker om st\u00f8tte til at realisere et madv\u00e6rksted p\u00e5 Vibevadgaard. Madv\u00e6rkstedet skal danne ramme for skoleb\u00f8rnenes undervisning i b\u00e6redygtige kredsl\u00f8b og madlavning. Det kan&#8230; <a title=\"Food workshop on the way\" href=\"https:\/\/www.xn--plantetfr-t8a.dk\/madvaerksted-paa-vej\/\">\u25b6\ufe0e<\/a> <a href=\"https:\/\/www.xn--plantetfr-t8a.dk\/futureland-giver-unge-stemme\/\" target=\"_self\" rel=\"noopener\"> <img loading=\"lazy\" decoding=\"async\" title=\"KS_03704\" src=\"https:\/\/www.xn--plantetfr-t8a.dk\/wp-content\/uploads\/bb-plugin\/cache\/KS_03704-1024x684-landscape.jpg\" alt=\"KS_03704\" width=\"1024\" height=\"684\" data-no-lazy=\"1\" \/> <\/a><\/p>\r\n<h4><a title=\"Futureland gives young people a voice\" href=\"https:\/\/www.xn--plantetfr-t8a.dk\/futureland-giver-unge-stemme\/\"> Futureland gives young people a voice <\/a><\/h4>\r\n<p>Den 18. september 2021 inviterede Futureland til festival p\u00e5 marken ved Vibevadgaard. Det var afslutningen p\u00e5 den officielle klimauge i Lejre Kommune, og selvsagt var Plant et Fr\u00f8 med til at s\u00e6tte gang i festen&#8230;. <a title=\"Futureland gives young people a voice\" href=\"https:\/\/www.xn--plantetfr-t8a.dk\/futureland-giver-unge-stemme\/\">\u25b6\ufe0e<\/a> <a href=\"https:\/\/www.xn--plantetfr-t8a.dk\/aftale-med-tre-skoler-i-hus\/\" target=\"_self\" rel=\"noopener\"> <img loading=\"lazy\" decoding=\"async\" title=\"DSC07058\" src=\"https:\/\/www.xn--plantetfr-t8a.dk\/wp-content\/uploads\/bb-plugin\/cache\/DSC07058-1024x682-landscape.jpg\" alt=\"DSC07058\" width=\"1024\" height=\"682\" data-no-lazy=\"1\" \/> <\/a><\/p>\r\n<h4><a title=\"Agreement with three schools in house\" href=\"https:\/\/www.xn--plantetfr-t8a.dk\/aftale-med-tre-skoler-i-hus\/\"> Agreement with three schools in house <\/a><\/h4>\r\n<p>Siden 2010 har b\u00f8rn fra 4. og 5. klasser pr\u00f8vet kr\u00e6fter med det undervisningsforl\u00f8b p\u00e5 Vibevadgaard. Det er blevet til mange v\u00e6rdifulde dialoger med b\u00f8rn, l\u00e6rere, for\u00e6ldre og kommune. Og nu er tiden moden til&#8230; <a title=\"Agreement with three schools in house\" href=\"https:\/\/www.xn--plantetfr-t8a.dk\/aftale-med-tre-skoler-i-hus\/\">\u25b6\ufe0e<\/a><\/p>\r\n<!-- .pp-content-posts -->\r\n<h2>Plant a Seed combines an understanding of self with  the study of nature<\/h2>\r\n<h3><a href=\"https:\/\/www.xn--plantetfr-t8a.dk\/om\/\">L\u00e6s om vores historie \u25b6\ufe0e<\/a><\/h3>\r\n<h2>Teaching with calmness, curiosity and presence<\/h2>\r\n<h3><a href=\"https:\/\/www.xn--plantetfr-t8a.dk\/undervisning\/\">L\u00e6s mere om undervisningen \u25b6\ufe0e<\/a><\/h3>\r\n<h2>Further development of Plant a Seed<\/h2>\r\n<h3><a href=\"https:\/\/www.xn--plantetfr-t8a.dk\/udvikling\/\">L\u00e6s om udviklingsarbejdet \u25b6\ufe0e<\/a><\/h3>\r\n<h2>Do you want to help shape Plant a Seed?<\/h2>\r\n<h3><a href=\"https:\/\/www.xn--plantetfr-t8a.dk\/foreningen\/\">L\u00e6s om foreningen \u25b6\ufe0e<\/a><\/h3>\r\n<p><img decoding=\"async\" src=\"https:\/\/www.xn--plantetfr-t8a.dk\/wp-content\/plugins\/bb-plugin\/img\/pixel.png\" alt=\"\" \/><\/p>","protected":false},"excerpt":{"rendered":"<p>Undervisningsforl\u00f8bet Plant et Fr\u00f8 forener det konkrete praktiske med n\u00e6rv\u00e6r og naturdannelse Om undervisningen I undervisningen arbejder vi med b\u00e5de den indre og ydre natur. Om udviklingstankerne Vi \u00f8nsker at videreudvikle og udbrede undervisningsforl\u00f8bet. Om foreningen Vi planter fr\u00f8 for mennesker og planeten. Podcast om Plant et Fr\u00f8 Kom med p\u00e5 bes\u00f8g i Plant et&hellip;<\/p>","protected":false},"author":1,"featured_media":0,"parent":0,"menu_order":0,"comment_status":"closed","ping_status":"closed","template":"","meta":{"footnotes":""},"class_list":["post-13","page","type-page","status-publish","hentry"],"_links":{"self":[{"href":"https:\/\/www.plantetfro.dk\/en\/wp-json\/wp\/v2\/pages\/13","targetHints":{"allow":["GET"]}}],"collection":[{"href":"https:\/\/www.plantetfro.dk\/en\/wp-json\/wp\/v2\/pages"}],"about":[{"href":"https:\/\/www.plantetfro.dk\/en\/wp-json\/wp\/v2\/types\/page"}],"author":[{"embeddable":true,"href":"https:\/\/www.plantetfro.dk\/en\/wp-json\/wp\/v2\/users\/1"}],"replies":[{"embeddable":true,"href":"https:\/\/www.plantetfro.dk\/en\/wp-json\/wp\/v2\/comments?post=13"}],"version-history":[{"count":79,"href":"https:\/\/www.plantetfro.dk\/en\/wp-json\/wp\/v2\/pages\/13\/revisions"}],"predecessor-version":[{"id":1444,"href":"https:\/\/www.plantetfro.dk\/en\/wp-json\/wp\/v2\/pages\/13\/revisions\/1444"}],"wp:attachment":[{"href":"https:\/\/www.plantetfro.dk\/en\/wp-json\/wp\/v2\/media?parent=13"}],"curies":[{"name":"wp","href":"https:\/\/api.w.org\/{rel}","templated":true}]}}