{"id":20,"date":"2021-10-01T09:40:28","date_gmt":"2021-10-01T09:40:28","guid":{"rendered":"https:\/\/www.xn--plantetfr-t8a.dk\/?page_id=20"},"modified":"2024-11-27T19:57:26","modified_gmt":"2024-11-27T19:57:26","slug":"udvikling","status":"publish","type":"page","link":"https:\/\/www.plantetfro.dk\/en\/udvikling\/","title":{"rendered":"Development"},"content":{"rendered":"<h4>\n\t\tEducation\n\t<\/h4>\n\t\t\t\t<img decoding=\"async\" src=\"http:\/\/www.xn--plantetfr-t8a.dk\/wp-content\/uploads\/2022\/01\/PeF-seedmarks-Okker1.png\" alt=\"PeF seedmarks Okker1\" itemprop=\"image\" title=\"PeF seedmarks Okker1\" onerror=\"this.style.display='none'\"  \/>\n<h2>\n\t\tCreating a deeper Nature connection <br \/>and more green learning spaces\n\t<\/h2>\n\t\t\t\t<img loading=\"lazy\" decoding=\"async\" src=\"https:\/\/www.xn--plantetfr-t8a.dk\/wp-content\/uploads\/2022\/01\/Plant-et-fro-Ska\u030arhoj-04103-1024x737.jpg\" alt=\"Plant et fr\u00f8-Ska\u030arh\u00f8j-04103\" itemprop=\"image\" height=\"737\" width=\"1024\" title=\"Plant a seed-Sk\u00e5rh\u00f8j-04103\" onerror=\"this.style.display='none'\"  \/>\n\t<p><strong>With all its experience since 2010, the Plant a  Seed Association is now fundraising to further develop and disseminate the teaching process for the benefit of more children.<\/strong><\/p>\n\t<p>Med den gr\u00f8nne produktionsg\u00e5rd som l\u00e6ringsrum kan eleverne m\u00e6rke forbindelsen til naturen p\u00e5 egen krop. Rundt om b\u00e5let i skoven og under lugearbejdet i markerne skabes rum for virkelighedsn\u00e6r og handlingsrettet samtale om naturen. Og der opst\u00e5r nye relationer og roller blandt eleverne, fordi stedet og aktiviteterne giver eleverne mulighed for at opdage nye sider af sig selv og hinanden &#8211; og hvordan de kan handle i f\u00e6llesskab.<\/p>\n<p>We want to evaluate and qualify this holistic approach to nature formation in an interdisciplinary collaboration between the farm, the schools and experts in sustainability education. Additionally, we want to share Plant a Seed's philosophy and practice to other green learning spaces and educational institutions.<\/p>\n\t\t\t\t<img decoding=\"async\" src=\"http:\/\/www.xn--plantetfr-t8a.dk\/wp-content\/uploads\/2022\/01\/PeF-seedmarks-Okker2.png\" alt=\"PeF seedmarks Okker2\" itemprop=\"image\" title=\"PeF seedmarks Okker2\" onerror=\"this.style.display='none'\"  \/>\n<h2>\n\t\tThe development project<br \/>&#8211; Omsorg for naturen og hinanden\n\t<\/h2>\n\t<p>We want the further development of the teaching course to take place in an interdisciplinary collaboration with schools and experts. Together we aim to develop a scalable concept based on the twofold pathway: the cultivation of relationships with one's inner nature and with outer nature (the natural world). The intention is that the two approaches mutually enrich each other in creating an enhanced experience of connectedness to nature while developing the capacity to care of nature, oneself and the community.<\/p>\n<p>Hvis det lykkes at rejse midler, vil videreudviklingen af Plant et Fr\u00f8 ske i et samarbejde med vores bes\u00f8gsskoler &#8211; b\u00e5de elever og l\u00e6rer. Projektet vil desuden involvere et aktivt netv\u00e6rk af fagfolk i Lejre Kommune, udefrakommende eksperter og lokale akt\u00f8rer, der via workshops, events og l\u00f8bende dialog vil bidrage til vidensdeling og kompetenceudvikling i projektgruppen.<\/p>\n<p>The intention of the co-creative development process is that the meeting between the different skills of the teaching group, the teachers on the farm and experts in well-being and nature education creates the basis for a more holistic education in nature education; a meeting between brain and heart.<\/p>\n\t\t\t\t<img decoding=\"async\" src=\"http:\/\/www.xn--plantetfr-t8a.dk\/wp-content\/uploads\/2022\/01\/PeF-seedmarks-Okker3.png\" alt=\"PeF seedmarks Okker3\" itemprop=\"image\" title=\"PeF seedmarks Okker3\" onerror=\"this.style.display='none'\"  \/>\n<h2>\n\t\tVibevadgaard as a green meeting place\n\t<\/h2>\n\t<p><em><strong>&#8220;Hvorn\u00e5r m\u00e5 vi komme ned p\u00e5 g\u00e5rden igen?&#8221;\u00a0\u00a0<\/strong><\/em><\/p>\n\t<p>We have heard that question many times from the children who have participated in the school gardens. This has set thoughts in motion: How can we open up Vibevadgaard so that even more people can experience the qualities and values \u200b\u200bof Plant a Seed?<\/p>\n<p>In 2022, with support from the Landdistriktspuljen, we searched for interest and opportunities to create a green meeting place on the farm, where people would gather for activities that promote sustainability and joyful living. Through the involvement of citizens, associations and institutions, we developed ideas for potential facilities and activities at Vibevadgaard, which promote grounding, presence and creativity. You can read the catalog here.<\/p>\n\t\r\n<div \r\n    class='wp-block-pdfp-pdf-poster  alignnone'\r\n    id='pdfp-2'\r\n    data-attributes='{&quot;uniqueId&quot;:&quot;pdfp1&quot;,&quot;file&quot;:&quot;https:\\\/\\\/www.xn--plantetfr-t8a.dk\\\/wp-content\\\/uploads\\\/2023\\\/03\\\/VIBEVADGAARD-SOM-GROeNT-SAMLINGSSTED.pdf&quot;,&quot;height&quot;:&quot;842px&quot;,&quot;width&quot;:&quot;100%&quot;,&quot;print&quot;:false,&quot;fullscreenButton&quot;:true,&quot;fullscreenButtonText&quot;:&quot;View Fullscreen&quot;,&quot;newWindow&quot;:false,&quot;showName&quot;:false,&quot;downloadButton&quot;:false,&quot;downloadButtonText&quot;:&quot;Download File&quot;,&quot;protect&quot;:false,&quot;onlyPDF&quot;:false,&quot;defaultBrowser&quot;:false,&quot;thumbMenu&quot;:false,&quot;initialPage&quot;:0,&quot;sidebarOpen&quot;:false,&quot;lastVersion&quot;:false,&quot;hrScroll&quot;:false,&quot;alert&quot;:true,&quot;popupOptions&quot;:{&quot;enabled&quot;:false,&quot;text&quot;:&quot;Open PDF&quot;,&quot;btnStyle&quot;:{&quot;background&quot;:&quot;#1e73be&quot;,&quot;color&quot;:&quot;#fff&quot;,&quot;fontSize&quot;:&quot;rem&quot;,&quot;padding&quot;:{&quot;top&quot;:10,&quot;right&quot;:20,&quot;bottom&quot;:10,&quot;left&quot;:10}}},&quot;align&quot;:&quot;none&quot;,&quot;alignment&quot;:&quot;left&quot;,&quot;title&quot;:&quot;&quot;,&quot;titleFontSize&quot;:&quot;16px&quot;,&quot;additional&quot;:{&quot;ID&quot;:&quot;&quot;,&quot;Class&quot;:&quot;&quot;,&quot;CSS&quot;:&quot;&quot;},&quot;adobeEmbedder&quot;:false,&quot;adobeOptions&quot;:{&quot;showDownloadPDF&quot;:true,&quot;showPrintPDF&quot;:true,&quot;showAnnotationTools&quot;:true,&quot;showFullScreen&quot;:false,&quot;embedMode&quot;:&quot;SIZED_CONTAINER&quot;},&quot;popupBtnStyle&quot;:{&quot;background&quot;:&quot;#2271b1&quot;,&quot;color&quot;:&quot;#fff&quot;,&quot;padding&quot;:{&quot;top&quot;:10,&quot;right&quot;:20,&quot;bottom&quot;:10,&quot;left&quot;:10}},&quot;popupBtnText&quot;:&quot;Open Document&quot;,&quot;CSS&quot;:&quot;&quot;,&quot;TrpContentRestriction&quot;:{&quot;restriction_type&quot;:&quot;exclude&quot;,&quot;selected_languages&quot;:[],&quot;panel_open&quot;:true}}'\r\n    style=\"text-align: left\"\r\n>\r\n<\/div>\n<?php echo do_shortcode('[pdf id=\"1191\"]'); ?>","protected":false},"excerpt":{"rendered":"<p>Undervisning Mere naturdannelse og flere gr\u00f8nne l\u00e6ringsrum Baseret p\u00e5 praksiserfaring siden 2010 er Foreningen Plant et Fr\u00f8 i gang med at fundraise midler til at udvikle og formidle undervisningsforl\u00f8bet til gavn for flere b\u00f8rn. Med den gr\u00f8nne produktionsg\u00e5rd som l\u00e6ringsrum kan eleverne m\u00e6rke forbindelsen til naturen p\u00e5 egen krop. Rundt om b\u00e5let i skoven og&hellip;<\/p>","protected":false},"author":1,"featured_media":0,"parent":0,"menu_order":0,"comment_status":"closed","ping_status":"closed","template":"","meta":{"footnotes":""},"class_list":["post-20","page","type-page","status-publish","hentry"],"_links":{"self":[{"href":"https:\/\/www.plantetfro.dk\/en\/wp-json\/wp\/v2\/pages\/20","targetHints":{"allow":["GET"]}}],"collection":[{"href":"https:\/\/www.plantetfro.dk\/en\/wp-json\/wp\/v2\/pages"}],"about":[{"href":"https:\/\/www.plantetfro.dk\/en\/wp-json\/wp\/v2\/types\/page"}],"author":[{"embeddable":true,"href":"https:\/\/www.plantetfro.dk\/en\/wp-json\/wp\/v2\/users\/1"}],"replies":[{"embeddable":true,"href":"https:\/\/www.plantetfro.dk\/en\/wp-json\/wp\/v2\/comments?post=20"}],"version-history":[{"count":44,"href":"https:\/\/www.plantetfro.dk\/en\/wp-json\/wp\/v2\/pages\/20\/revisions"}],"predecessor-version":[{"id":1306,"href":"https:\/\/www.plantetfro.dk\/en\/wp-json\/wp\/v2\/pages\/20\/revisions\/1306"}],"wp:attachment":[{"href":"https:\/\/www.plantetfro.dk\/en\/wp-json\/wp\/v2\/media?parent=20"}],"curies":[{"name":"wp","href":"https:\/\/api.w.org\/{rel}","templated":true}]}}