{"id":34,"date":"2021-10-01T09:42:38","date_gmt":"2021-10-01T09:42:38","guid":{"rendered":"https:\/\/www.xn--plantetfr-t8a.dk\/?page_id=34"},"modified":"2026-03-26T11:58:05","modified_gmt":"2026-03-26T11:58:05","slug":"foreningen","status":"publish","type":"page","link":"https:\/\/www.plantetfro.dk\/en\/foreningen\/","title":{"rendered":"The Association"},"content":{"rendered":"<h4>\n\t\tEducation\n\t<\/h4>\n\t\t\t\t<img decoding=\"async\" src=\"http:\/\/www.xn--plantetfr-t8a.dk\/wp-content\/uploads\/2022\/01\/Plant-et-fro-Ska\u030arhoj-06281-scaled.jpg\" alt=\"Plant et fr\u00f8-Ska\u030arh\u00f8j-06281\" itemprop=\"image\" title=\"Plant a seed-Sk\u00e5rh\u00f8j-06281\" onerror=\"this.style.display='none'\"  \/>\n<h2>\n\t\tHelp us plant seeds\n\t<\/h2>\n\t<p><strong>If you want to help create good lives for people and the planet, then the Plant a Seed Association might be something for you.<\/strong>.<\/p>\n\t\t\t\t<img decoding=\"async\" src=\"https:\/\/www.xn--plantetfr-t8a.dk\/wp-content\/uploads\/2022\/01\/Plant-et-fro-Ska\u030arhoj-03921-1024x684.jpg\" alt=\"Plant et fr\u00f8-Ska\u030arh\u00f8j-03921\" itemprop=\"image\" title=\"Plant a seed-Sk\u00e5rh\u00f8j-03921\" onerror=\"this.style.display='none'\"  \/>\n\t\t\t\t<img decoding=\"async\" src=\"https:\/\/www.xn--plantetfr-t8a.dk\/wp-content\/uploads\/2022\/01\/Plant-et-fro-Ska\u030arhoj-06831-1024x683.jpg\" alt=\"Plant et fr\u00f8-Ska\u030arh\u00f8j-06831\" itemprop=\"image\" title=\"Plant a seed-Sk\u00e5rh\u00f8j-06831\" onerror=\"this.style.display='none'\"  \/>\n\t<p>The Plant a Seed Association wants to ensure a diverse basis for development of the school garden project and other projects at Vibevadgaard. The focus is on creating good lives for people and the planet. Our wish is to also involve local citizens, children and families, thereby encouraging sustainable ideas to take root in our common local community.\u00a0<\/p>\n<p>The association is for everyone who wants to work for the association&#039;s purpose.\u00a0<\/p>\n<p>If you are curious, send us a message at <a href=\"mailto:kontakt@plantetfro.dk\">kontakt@plantetfro.dk<\/a>.<\/p>\n<strong>The association&#039;s vision<br \/>\n<\/strong>The underlying purpose of the association is to encourage sustainable living as a basis for avoiding the climate scenarios and resource problems that the majority of researchers and the UN point out will be a challenge for future generations. Today's children are the citizens and decision makers of the future. We hope to equip children to have a more conscious approach to living and creating in balance with the planet.  Our common future is based on the relationships, behavior and habits that our children create in their everyday lives here and now.\n<p>The association works to nurture the inner motivation and the knowledge needed to get children and their networks to make active, sustainable choices. We believe that it is through the children's own experiences in and with nature, in meeting their creative drive and through a bodily experience of what creates inner peace, joy in life and well-being, that they learn to take care of themselves and our land.<\/p>\n\t<p><strong>BY-LAWS<\/strong><\/p>\n\t<p><a href=\"http:\/\/www.xn--plantetfr-t8a.dk\/wp-content\/uploads\/2022\/01\/Vedtaegter-pdf-underskrevet-HB.pdf\" target=\"_blank\" rel=\"noopener\">Download the association&#039;s statutes here.<\/a><\/p>\n<p><a href=\"http:\/\/www.xn--plantetfr-t8a.dk\/wp-content\/uploads\/2022\/01\/Vedtaegter-pdf-underskrevet-HB.pdf\"><img loading=\"lazy\" decoding=\"async\" src=\"http:\/\/www.xn--plantetfr-t8a.dk\/wp-content\/uploads\/2022\/01\/PeF-PDFD-ikon-300x229.png\" alt=\"\" width=\"50\" height=\"38\" \/><\/a><\/p>\n\t\t\t\t<img decoding=\"async\" src=\"http:\/\/www.xn--plantetfr-t8a.dk\/wp-content\/uploads\/2022\/01\/PeF-seedmarks-ThreeColours.png\" alt=\"PeF seedmarks ThreeColours\" itemprop=\"image\" title=\"PeF seedmarks ThreeColours\" onerror=\"this.style.display='none'\"  \/>\n<h2>\n\t\tBoard of Directors\n\t<\/h2>\n\t<p><strong>Meet the board of the Plant a Seed Association<\/strong><\/p>\n\t<p>&#8220;Plant et Fr\u00f8&#8221; har undervist skoleelever siden 2011, men er f\u00f8rst nu etableret formelt som ikke-erhvervsdrivende forening. Dette sker i forbindelse med udvidelse af projektet med yderligere to skoler og ans\u00f8gning af midler til yderligere udvikling af undervisning og undervisningsmateriale.<\/p>\n<p>Der er etableret en bestyrelse best\u00e5ende af Henrik Beha (Stifter af Plastic-Change, milj\u00f8biolog, n\u00e6stformand i foreningen Plant et Fr\u00f8), Karen Hertz (projektchef hos Madkulturen), Henrik Byrial (Grundl\u00e6gger og formand, Plant et Fr\u00f8) og Nanna Jordt J\u00f8rgensen (lektor p\u00e5 K\u00f8benhavns Professionsh\u00f8jskole). Udover de kompetencer, der allerede er repr\u00e6senteret i bestyrelsen, vil der blive optaget yderligere to medlemmer med komplement\u00e6re kompetencer.<\/p>\n\t\t\t\t<img loading=\"lazy\" decoding=\"async\" src=\"https:\/\/www.plantetfro.dk\/wp-content\/uploads\/2026\/03\/Henrik_Beha_Pedersen_bestyrelsesmedlem_new-300x282-1.jpg\" alt=\"Henrik_Beha_Pedersen_bestyrelsesmedlem_new-300x282 (1)\" itemprop=\"image\" height=\"282\" width=\"300\" title=\"Henrik_Beha_Pedersen_bestyrelsesmedlem_new-300x282 (1)\" onerror=\"this.style.display='none'\"  \/>\n<h4>\n\t\tHenrik Beha Pedersen\n\t<\/h4>\n\t<p><em>M.sc Environmental Biology, founder of Plastic Change.<\/em><\/p>\n\tThe common thread in Henrik Beha Pedersen&#039;s work is the environment.<br \/>\nMilj\u00f8biologiuddannelsen mundede ud i et speciale om kemikaliers cocktaileffekter. Arbejdet med kemi og forbrugerprodukter var i en \u00e5rr\u00e6kke centralt og f\u00f8rte Henrik forbi Greenpeace og en l\u00e6ngere kampagne omkring EU&#8217;s regulering af kemikalier. Henrik har ogs\u00e5 arbejdet med emner som klimaforandringer, stop af elektronikskrot til Afrika og stop for ikke b\u00e6redygtig ophugning af skibe i Indien.\n<p>As a reaction to the increasing plastic pollution, Henrik founded Plastic Change in 2014 in collaboration with a number of volunteers. Today, the organization has matured and has been given UN observer status. Plastic Change sits centrally in the steering group for the global movement Break Free from Plastic, which includes more than 2000 organizations and works together with the EU-based network Rethink Plastic Alliance.<\/p>\n<p>Centralt i Plastic Change&#8217;s arbejde har v\u00e6ret Ekspedition Plastik. Tre \u00e5rs ekspedition fra Danmark til Hawaii. Forskere og dokumentarister brugte ekspeditionen som platform til blandt andet at producere en r\u00e6kke film til undervisningsforl\u00f8b indenfor naturgeografi og biologi, m\u00e5lrettet udskoling og gymnasieskolen. Senere har Plastic Change ogs\u00e5 udarbejdet undervisningsmaterialer til mellemskolen.<\/p>\nHenrik has a permanent blog on Ingeni\u00f8ren and sits in a number of follow-up groups.<br \/>\nKeywords: Rethink, Reduce and Recycle plastic.<br \/>\nMotto: Plastik definerer vores kultur &#8211; den m\u00e5 ikke definere vores fremtid.\n\t\t\t\t<img loading=\"lazy\" decoding=\"async\" src=\"https:\/\/www.plantetfro.dk\/wp-content\/uploads\/2026\/03\/Henrik_Byrial_bestyrelsesmedlem_new-300x282-1.jpg\" alt=\"Henrik_Byrial_bestyrelsesmedlem_new-300x282\" itemprop=\"image\" height=\"282\" width=\"300\" title=\"Henrik_Byrial_bestyrelsesmedlem_new-300x282\" onerror=\"this.style.display='none'\"  \/>\n<h4>\n\t\tHenrik Byrial\n\t<\/h4>\n\t<p><em>Founder and chairman, Plant et Fr\u00f8<\/em><\/p>\n\t<p>Henrik er \u00f8kologisk landmand og forsker (PhD) i plantefysiologi. Han har i samarbejde med andre forskere udviklet en r\u00e6kke patenterede naturmedicinpr\u00e6parater og har gennemf\u00f8rt kliniske fors\u00f8g med f\u00f8rende l\u00e6ger i Danmark for at dokumentere deres effekt p\u00e5 human sundhed. Udviklingen foreg\u00e5r i det laboratorium hos Vibe \u00d8kologi, hvor ogs\u00e5 eleverne undervises i metoder og kreativitet inden for naturvidenskaben. Han har tidligere v\u00e6re seniorforsker og forskergruppeleder indenfor f\u00f8devareomr\u00e5det p\u00e5 \u00c5rhus Universitet og har siddet i en r\u00e6kke bestyrelser i selskaber, der forsker i planter og human sundhed. Han driver 45 Ha \u00f8kologisk jord p\u00e5 Vibevadgaard med b\u00e6r, frugt og urter. Gennem 11 \u00e5r har han v\u00e6ret restaurant NOMAs hovedleverand\u00f8r af bl.a. frugt og b\u00e6r. Derudover produceres Aronia juice og pulver til helsemarkedet i Vibe \u00d8kologi. Henrik har i mange \u00e5r arbejdet med klimarelaterede sp\u00f8rgsm\u00e5l og arbejdede i flere \u00e5r p\u00e5 at starte et klimaeksperimentarium for skoleelever. Derudover har han deltaget i en r\u00e6kke lokale klimainitiativer og har gennemf\u00f8rt projekter med jordvarme, solceller integreret i g\u00e5rdens drivhus (off-grid) samt installation af solceller, der driver g\u00e5rdens el-forbrug. Endelig gennemf\u00f8rer han sammen med forskere fors\u00f8g med klimavenlig dyrkning af b\u00e6rbuske &#8211; herunder C-binding i jorden som funktion af dyrkningsteknik.<\/p>\n\t<p><em><a href=\"http:\/\/mail to:henrik@plantetfro.dk\">Contact: henrik@plantetfro.dk<\/a><\/em><\/p>\n\t\t\t\t<img loading=\"lazy\" decoding=\"async\" src=\"https:\/\/www.plantetfro.dk\/wp-content\/uploads\/2026\/03\/claus_krogh_bestyrelsesmedlem_new-300x282-1.jpg\" alt=\"claus_krogh_bestyrelsesmedlem_new-300x282\" itemprop=\"image\" height=\"282\" width=\"300\" title=\"claus_krogh_bestyrelsesmedlem_new-300x282\" onerror=\"this.style.display='none'\"  \/>\n<h4>\n\t\tClaus Krogh\n\t<\/h4>\n\t<p><em>Primary and lower secondary school teacher and outdoor instructor.<\/em><\/p>\n\t<p>Claus is a trained primary and lower secondary school teacher and has worked at a public school in R\u00f8dovre since 2008. In addition, he has a 2-year outdoor instructor education from Norway. This education created opportunities for him to work as a dog sled driver in Svalbard, outdoor instructor for Frederiksberg Teacher Training College for 20 years, and outdoor instructor for the Steiner School in Kvistg\u00e5rd on their canoe trips to Northern Sweden.<\/p>\n<p>Claus was the initiator of an independent school project at the old school in Lejre in 2017, when the buildings were sold to another party. In the spring of 2023, he got in contact with Henrik Byrial. Claus and Henrik\u2019s values, educational views, and mission aligned perfectly, and the work on a new independent school project began.<\/p>\n<p>Claus is focused on the intersection between pedagogy, education (formation), and the difficult task of educating children and young people about the climate challenges that we as a global society are facing, in a way that creates belief and willingness to solve them.<\/p>\n<p>Claus br\u00e6nder for at give sine elever sammenh\u00e6ngsforst\u00e5else mellem de naturvidenskabelige og de samfundsfaglige\/historiske fagfelter, s\u00e5 eleverne bliver opm\u00e6rksomme p\u00e5 at tr\u00e6ffe oplyste livsvalg, som gavner f\u00e6llesskabet, deres omgivelser og dem selv.<\/p>\n\t\t\t\t<img loading=\"lazy\" decoding=\"async\" src=\"https:\/\/www.plantetfro.dk\/wp-content\/uploads\/2026\/03\/Diana.png\" alt=\"Diana\" itemprop=\"image\" height=\"1536\" width=\"1024\" title=\"Diana\" onerror=\"this.style.display='none'\"  \/>\n<h4>\n\t\tDiana Kl\u00f8vedal\n\t<\/h4>\n\t<p>Psychologist, specialist in children and young people<\/p>\n\t<p>Diana Kl\u00f8vedal er psykolog med solid erfaring inden for b\u00f8rn, unge og familier &#8211; med fokus p\u00e5 trivsel, l\u00e6ring og deltagelsesmuligheder.<\/p>\n<p>Hun arbejder som privat skolepsykolog og er samtidig tilknyttet d\u00f8gn- og behandlingstilbud, hvor hun bidrager til trygge og b\u00e6redygtige rammer for b\u00f8rn og unge i udsatte positioner.<\/p>\n<p>Diana har en faglig baggrund fra K\u00f8benhavns Universitet og har b.la bidraget til udvikling af forskning og behandlingsindsatser inden for angst hos b\u00f8rn.<\/p>\n<p>Hun har ogs\u00e5 erfaring med udvikling og etablering af socialt fondsfinansierede projekter og derfor et indg\u00e5ende kendskab til samarbejde med fonde, ans\u00f8gningsprocesser og strategisk udvikling af indsatser.<\/p>\n<p>Diana har desuden v\u00e6ret med til at udvikle regionale skoleindsatser for s\u00e5rbare b\u00f8rn og unge og arbejder m\u00e5lrettet med at skabe veje ind i f\u00e6llesskaber for b\u00f8rn, der ellers risikerer at falde ud. Hun er optaget af at oms\u00e6tte psykologisk viden til praksis og har et s\u00e6rligt blik for, hvordan naturen kan underst\u00f8tte regulering, trivsel og udvikling.<\/p>\n<p>I Plant et Fr\u00f8 bidrager hun med psykologfaglig indsigt og erfaring med fondsudvikling i arbejdet med at skabe b\u00e6redygtige l\u00e6rings- og f\u00e6llesskabsformer for b\u00f8rn og unge.<\/p>","protected":false},"excerpt":{"rendered":"<p>Undervisning Hj\u00e6lp os med at plante fr\u00f8 Har du lyst til at v\u00e6re med til at skabe gode liv for mennesker og planeten? S\u00e5 er Foreningen Plant et Fr\u00f8 m\u00e5ske noget for dig. Foreningen Plant et Fr\u00f8 \u00f8nsker at sikre et mangfoldigt grundlag for at udvikle skolehaveprojektet og andre projekter p\u00e5 Vibevadgaard, der har fokus&hellip;<\/p>","protected":false},"author":1,"featured_media":0,"parent":0,"menu_order":0,"comment_status":"closed","ping_status":"closed","template":"","meta":{"footnotes":""},"class_list":["post-34","page","type-page","status-publish","hentry"],"_links":{"self":[{"href":"https:\/\/www.plantetfro.dk\/en\/wp-json\/wp\/v2\/pages\/34","targetHints":{"allow":["GET"]}}],"collection":[{"href":"https:\/\/www.plantetfro.dk\/en\/wp-json\/wp\/v2\/pages"}],"about":[{"href":"https:\/\/www.plantetfro.dk\/en\/wp-json\/wp\/v2\/types\/page"}],"author":[{"embeddable":true,"href":"https:\/\/www.plantetfro.dk\/en\/wp-json\/wp\/v2\/users\/1"}],"replies":[{"embeddable":true,"href":"https:\/\/www.plantetfro.dk\/en\/wp-json\/wp\/v2\/comments?post=34"}],"version-history":[{"count":70,"href":"https:\/\/www.plantetfro.dk\/en\/wp-json\/wp\/v2\/pages\/34\/revisions"}],"predecessor-version":[{"id":1505,"href":"https:\/\/www.plantetfro.dk\/en\/wp-json\/wp\/v2\/pages\/34\/revisions\/1505"}],"wp:attachment":[{"href":"https:\/\/www.plantetfro.dk\/en\/wp-json\/wp\/v2\/media?parent=34"}],"curies":[{"name":"wp","href":"https:\/\/api.w.org\/{rel}","templated":true}]}}