{"id":38,"date":"2021-10-01T09:42:54","date_gmt":"2021-10-01T09:42:54","guid":{"rendered":"https:\/\/www.xn--plantetfr-t8a.dk\/?page_id=38"},"modified":"2026-02-02T11:04:55","modified_gmt":"2026-02-02T11:04:55","slug":"kontakt","status":"publish","type":"page","link":"https:\/\/www.plantetfro.dk\/en\/kontakt\/","title":{"rendered":"Contact"},"content":{"rendered":"<h4>\n\t\tEducation\n\t<\/h4>\n<h2>\n\t\tContact us!\n\t<\/h2>\n\t<p>If you are considering enrolling your school in our teaching course, it is unfortunately not yet possible, as we are still developing the course with three local schools. But we are very happy to share our thoughts about the project, so that you may You can start similar activities at your school yourself.<\/p>\n<p>If you want to hear more, you can write to <a href=\"mailto:kontakt@plantetfro.dk\">kontakt@plantetfro.dk<\/a><\/p>\n\t<strong>Foreningen &#8220;Plant et Fr\u00f8&#8221;<\/strong><br \/>\nBl\u00e6senborgvej 9<br \/>\n4320 Lejre\n<p>Tel. 22 61 10 66<\/p>\n\t<b>Henrik Byrial, manager<\/b>\n<a href=\"mailto:henrik@plantetfro.dk\" target=\"_blank\" rel=\"noopener\">henrik@plantetfro.dk<\/a>\n<h2>\n\t\tFind us!\n\t<\/h2>\n\t\t\t\t<a href=\"https:\/\/www.google.dk\/maps\/place\/Bl%C3%A6senborgvej+9,+4320+Lejre\/@55.6092113,11.9730698,17z\/data=!3m1!4b1!4m5!3m4!1s0x46528a7b12859e6f:0x62baa9a0d887bf1b!8m2!3d55.6092083!4d11.9752638\"  target=\"_blank\" rel=\"noopener\"  itemprop=\"url\">\n\t\t\t\t<img decoding=\"async\" src=\"https:\/\/www.xn--plantetfr-t8a.dk\/wp-content\/uploads\/2022\/10\/2-DJI_0142-1024x672.jpg\" alt=\"2-DJI_0142\" itemprop=\"image\" title=\"2-DJI_0142\" onerror=\"this.style.display='none'\"  \/>\n\t\t\t\t<\/a>\n<h2>\n\t\tWho are we\n\t<\/h2>\n<h4>\n\t\tHenrik Byrial\n\t<\/h4>\n\t<p><em>Head of Plant a Seed<\/em><\/p>\n\t<p>Henrik er \u00f8kologisk landmand og Forsker (PhD) i plantefysiologi. Han har udviklet en r\u00e6kke patenterede naturmedicin-pr\u00e6parater og har gennemf\u00f8rt kliniske fors\u00f8g med f\u00f8rende l\u00e6ger i Danmark for at dokumentere deres effekt p\u00e5 human sundhed. Udviklingen foreg\u00e5r i det laboratorium hos Vibe \u00d8kologi, hvor ogs\u00e5 eleverne undervises i metoder og kreativitet inden for naturvidenskaben.<\/p>\n<p>Han driver 45 Ha jord med b\u00e6r, frugt og urter samt selve g\u00e5rden. Gennem 11 \u00e5r har han v\u00e6ret restaurant NOMAs hovedleverand\u00f8r af bl.a. frugt, b\u00e6r og urter. Derudover produceres juice og pulver til helsemarkedet.<\/p>\n<p>Henrik har i mange \u00e5r arbejdet med klimarelaterede sp\u00f8rgsm\u00e5l og arbejdede sammen med bla. Ditlev Engell fra Vestas om muligheden for at starte et klimaeksperimentarium for skoleelever. Derudover har han deltaget i en r\u00e6kke lokale klimainitiativer og har gennemf\u00f8rt projekter med jordvarme, solceller integreret i g\u00e5rdens drivhus (off-grid) og installation af solceller, der driver g\u00e5rdens el-forbrug. Endelig gennemf\u00f8rer han sammen med forskere fors\u00f8g med klimavenlig dyrkning af b\u00e6rbuske &#8211; herunder kulstofbinding i jorden som funktion af dyrkningsteknik.<\/p>\n<h4>\n\t\tDidde Bj\u00f8rn\n\t<\/h4>\n\t<p><em>Underviser og projektudvikler<\/em><\/p>\n\t<p>Didde br\u00e6nder for at formidle og at holde rum for mennesker. Gennem mere end 10 \u00e5r har Didde arbejdet med undervisning, projektledelse, koordinering, daglig ledelse og projektudvikling i NGO&#8217;er, p\u00e5 ungdomsuddannelser, i kommuner og som selvst\u00e6ndig med fokus p\u00e5 grupper i udsatte positioner, integration, f\u00e6llesskaber, mental trivsel, holistisk sundhed og indre b\u00e6redygtighed.<\/p>\n<p>Hun er uddannet cand.soc. i kultur- og sprogm\u00f8destudier og internationale udviklingsstudier fra RUC, yoga- og meditationsl\u00e6rer, holistisk kropsterapeut og \u00e5ndedr\u00e6tscoach.<\/p>\n<p>P\u00e5 Plant et Fr\u00f8 er Didde ansvarlig for undervisningen i yoga og indre natur. Hun v\u00e6gter v\u00e6rdier som nysgerrighed, n\u00e6rv\u00e6r, f\u00e6llesskab og forbundethed. Hun har en legende, motiverende og inkluderende tilgang med en intention om at styrke b\u00f8rnenes selvf\u00f8lelse, kropsgl\u00e6de, fokusevne, livskraft, indre ro og relationen til dem selv, hinanden og naturen. Desuden varetager Didde projektudvikling herunder kontakt til potentielle samarbejdspartnere.<\/p>\n<p>didde@plantetfro.dk<\/p>\n<h4>\n\t\tMaria Winther Madsen\n\t<\/h4>\n\t<p><em>Underviser og projektleder<\/em><\/p>\n\t<p>Maria er en sprogligt st\u00e6rk udviklingskonsulent og passioneret formidler med mere end 10 \u00e5rs erfaring fra fritidsklub, grundskole, private virksomheder og universitet. Den r\u00f8de tr\u00e5d i hendes i hendes arbejdsliv er en dyb interesse i kulturer, relationer, natur og levet liv.<\/p>\n<p>Med sin bachelor i spansk og kandidat i kulturanalyse har Maria\u00a0r\u00f8dder i humaniora og antropologien, som hun kombinerer med en bred erfaring med\u00a0naturformidling, didaktik og p\u00e6dagogik.\u00a0<\/p>\n<p>P\u00e5 Plant et Fr\u00f8 er Maria ansvarlig for undervisningen i ydre natur og dyrkning i skolehaverne. Her vejleder Maria eleverne i at s\u00e5, dyrke og h\u00f8ste deres afgr\u00f8der foruden at opmuntre dem til at f\u00f8lge deres naturfaglige nysgerrighed og g\u00e5 p\u00e5 opdagelse i naturen omkring os gennem praktiske \u00f8velser og kreative aktiviteter. Hendes\u00a0fokus er p\u00e5 trivsel, f\u00e6llesskaber og leg, og\u00a0i denne sammenh\u00e6ng fungerer skolehaverne som det f\u00e6lles tredje, der forbinder b\u00f8rnene med hinanden og med naturen. <\/p>\n<p>Desuden er Maria projektleder for\u00a0undervisningsprogrammet Plant et Fr\u00f8 og koordinator for vores samarbejde med l\u00e6rerne fra Allerslev Skole og undervisere fra Hotel- og Restaurantskolen.<\/p>\n<p>maria@plantetfro.dk<\/p>","protected":false},"excerpt":{"rendered":"<p>Undervisning Kontakt os! Hvis du overvejer at tilmelde din skole vores undervisningsforl\u00f8b, er det desv\u00e6rre endnu ikke muligt, da vi stadig er i gang med at udvikle forl\u00f8bet med tre lokale skoler. Men vi deler meget gerne vores tanker om projektet, s\u00e5 du evt. selv kan s\u00e6tte gang i lignende aktiviteter p\u00e5 din skole. Hvis&hellip;<\/p>","protected":false},"author":1,"featured_media":0,"parent":0,"menu_order":0,"comment_status":"closed","ping_status":"closed","template":"","meta":{"footnotes":""},"class_list":["post-38","page","type-page","status-publish","hentry"],"_links":{"self":[{"href":"https:\/\/www.plantetfro.dk\/en\/wp-json\/wp\/v2\/pages\/38","targetHints":{"allow":["GET"]}}],"collection":[{"href":"https:\/\/www.plantetfro.dk\/en\/wp-json\/wp\/v2\/pages"}],"about":[{"href":"https:\/\/www.plantetfro.dk\/en\/wp-json\/wp\/v2\/types\/page"}],"author":[{"embeddable":true,"href":"https:\/\/www.plantetfro.dk\/en\/wp-json\/wp\/v2\/users\/1"}],"replies":[{"embeddable":true,"href":"https:\/\/www.plantetfro.dk\/en\/wp-json\/wp\/v2\/comments?post=38"}],"version-history":[{"count":79,"href":"https:\/\/www.plantetfro.dk\/en\/wp-json\/wp\/v2\/pages\/38\/revisions"}],"predecessor-version":[{"id":1468,"href":"https:\/\/www.plantetfro.dk\/en\/wp-json\/wp\/v2\/pages\/38\/revisions\/1468"}],"wp:attachment":[{"href":"https:\/\/www.plantetfro.dk\/en\/wp-json\/wp\/v2\/media?parent=38"}],"curies":[{"name":"wp","href":"https:\/\/api.w.org\/{rel}","templated":true}]}}